{"id":338,"date":"2022-02-18T10:53:39","date_gmt":"2022-02-18T09:53:39","guid":{"rendered":"https:\/\/surf.win-fun.ch\/conditions-de-participation\/"},"modified":"2022-03-22T15:14:16","modified_gmt":"2022-03-22T14:14:16","slug":"conditions-de-participation","status":"publish","type":"page","link":"https:\/\/surfing.brandneu.ch\/fr\/conditions-de-participation\/","title":{"rendered":"Conditions de participation"},"content":{"rendered":"\n<h1 class=\"wp-block-heading\" id=\"teilnahmebedingungen-fur-das-storck-knoppers-surf-win-gewinnspiel-2022\">Conditions de participation au jeu-concours \u00abKnoppers SURF &amp; WIN\u00bb\u00a02022<\/h1>\n\n<p>En prenant part au jeu-concours \u00abKnoppers SURF &amp; WIN\u00bb\u00a02022, les participants d\u00e9clarent accepter les pr\u00e9sentes conditions de participation.<\/p>\n\n<p><strong>1. Conditions g\u00e9n\u00e9rales<\/strong><\/p>\n\n<p>STORCK (SCHWEIZ) GMBH, Josefstrasse 84, 8005 Zurich (ci-apr\u00e8s \u00abStorck\u00bb) organise le jeu-concours \u00abKnoppers SURF &amp; WIN\u00bb en Suisse du 18.04.2022 au 30.09.2022. Cette op\u00e9ration promotionnelle a lieu sur le site internet <a href=\"http:\/\/www.knoppers-game.ch\">knoppers-game.ch<\/a>.<\/p>\n\n<p><strong>2. Droit de participation<\/strong><\/p>\n\n<p>Le jeu-concours est ouvert \u00e0 toutes les personnes physiques de plus de 18\u00a0ans ayant l\u2019exercice des droits civils et domicili\u00e9es en Suisse. Il est n\u00e9cessaire de disposer d\u2019un acc\u00e8s Internet pour participer. Toute participation par l\u2019interm\u00e9diaire de proc\u00e9d\u00e9s automatis\u00e9s est interdite. Par ailleurs, Storck se r\u00e9serve le droit d\u2019exclure, sans fournir de justification, les personnes qui contreviennent aux pr\u00e9sentes conditions de participation, qui sont soup\u00e7onn\u00e9es d\u2019avoir utilis\u00e9 des moyens non autoris\u00e9s pour participer au jeu-concours ou qui ont essay\u00e9 d\u2019obtenir, de quelque mani\u00e8re que ce soit, un avantage pour elles-m\u00eames ou pour autrui par la manipulation. L\u2019exclusion peut, dans ce cas, intervenir \u00e9galement apr\u00e8s la participation au jeu-concours et aura pour cons\u00e9quence la non-remise du prix ou sa restitution.<\/p>\n\n<p>Les participants sont tenus de veiller \u00e0 ce que le \u00abnom d\u2019utilisateur\u00bb requis pour participer au jeu-concours ne porte pas atteinte aux droits de tiers (droits de la personne, droits d\u2019auteur et autres droits de protection) et renoncent \u00e0 faire valoir aupr\u00e8s de Storck quelque pr\u00e9tention de tiers que ce soit \u00e0 cet \u00e9gard. L\u2019utilisation de \u00abnoms d\u2019utilisateur\u00bb juridiquement r\u00e9pr\u00e9hensibles, immoraux ou autrement interdits ou choquants est proscrite. Storck se r\u00e9serve express\u00e9ment le droit, \u00e0 sa seule appr\u00e9ciation et sans indication de motif, de refuser des textes ou de les supprimer du classement des meilleurs scores, cela notamment en cas de violation du droit en vigueur, de contenus insultants, non adapt\u00e9s aux enfants, racistes ou sexistes, de contenus n\u00e9gatifs envers le produit ou la marque ou de contenus discriminants ou allant \u00e0 l\u2019encontre des valeurs de Storck de quelque mani\u00e8re que ce soit.<\/p>\n\n<p>Les collaborateurs de toutes les soci\u00e9t\u00e9s Storck et de toutes les soci\u00e9t\u00e9s mandat\u00e9es par Storck dans le cadre du jeu-concours, ainsi que leurs conjoints et les membres de leur famille vivant sous le m\u00eame toit, ne sont pas autoris\u00e9s \u00e0 participer au jeu-concours.<\/p>\n\n<p><strong>3. Dur\u00e9e de l\u2019op\u00e9ration promotionnelle et p\u00e9riode de participation<\/strong><strong><\/strong><\/p>\n\n<p>La p\u00e9riode de participation, c\u2019est-\u00e0-dire la p\u00e9riode pendant laquelle les codes promotionnels peuvent \u00eatre utilis\u00e9s sur le site <a href=\"http:\/\/www.knoppers-game.ch\">knoppers-game.ch<\/a>, commence le 18.04.2022 et prend fin \u00e0 l\u2019expiration de la journ\u00e9e du 30.09.2022.<\/p>\n\n<p>Tous les codes perdent ensuite leur validit\u00e9. La possibilit\u00e9 pour les participants de participer au jeu-concours en utilisant des codes s\u2019ach\u00e8ve \u00e0 l\u2019expiration de la journ\u00e9e du 30.09.2022.<\/p>\n\n<p><strong>4. D\u00e9roulement du jeu<\/strong><\/p>\n\n<p>Le jeu-concours \u00abSURF &amp; WIN\u00bb est mis en avant sur les produits suivants \u00e0 partir du 18.04.2022: <a>\u00abKnoppers NussRiegel 5x40g\u00bb, \u00abKnoppers ErdnussRiegel 5&#215;40\u00a0g\u00bb, \u00abKnoppers KokosRiegel 5x40g\u00bb, \u00abKnoppers NussRiegel en lot de deux 2x5x40g\u00bb, \u00abKnoppers ErdnussRiegel en lot de deux 2x5x40g\u00bb, \u00abKnoppers KokosRiegel en lot de deux 2x5x40g\u00bb, \u00abKnoppers Waffel 5x25g\u00bb, \u00abKnoppers Waffel 8x25g\u00bb, \u00abKnoppers Waffel en Big Spender 15x25g\u00bb<\/a>. Ces produits sont en vente dans le commerce (dans la limite des stocks disponibles) et reconnaissables au design \u00abSURF &amp; WIN\u00bb. Ils comportent sur la face int\u00e9rieure un code \u00e0 7\u00a0caract\u00e8res qui, une fois saisi sur le site www.knoppers-game.ch, permet de jouer une partie de \u00abSURF &amp; WIN\u00bb et donc, de participer au jeu-concours. Apr\u00e8s avoir jou\u00e9, le participant peut consulter son rang dans le classement des meilleurs scores. Chaque code ne peut \u00eatre utilis\u00e9 qu\u2019une seule fois. Les prix hebdomadaires sont tir\u00e9s au sort parmi les participants enregistr\u00e9s pendant la semaine concern\u00e9e. Le premier prix fait l\u2019objet d\u2019un tirage au sort parmi tous les participants enregistr\u00e9s \u00e0 la fin de l\u2019op\u00e9ration promotionnelle.<\/p>\n\n<p><strong>5. Produits de l\u2019op\u00e9ration promotionnelle<\/strong><\/p>\n\n<p>Les produits de l\u2019op\u00e9ration promotionnelle sont identifiables par une mention claire faisant r\u00e9f\u00e9rence au jeu-concours. Sont concern\u00e9s les conditionnements Knoppers suivants arborant le design \u00abSURF &amp; WIN\u00bb:<\/p>\n\n<ul><li>Knoppers NussRiegel 5x40g \u00abSURF &amp; WIN\u00bb avec un (1) code promotionnel sur la face int\u00e9rieure<\/li><\/ul>\n<ul><li>Knoppers ErdnussRiegel 5x40g \u00abSURF &amp; WIN\u00bb avec un (1) code promotionnel sur la face int\u00e9rieure<\/li><li>Knoppers KokosRiegel 5x40g \u00abSURF &amp; WIN\u00bb avec un (1) code promotionnel sur la face int\u00e9rieure<\/li><li>Knoppers NussRiegel en lot de deux 2x5x40g \u00abSURF &amp; WIN\u00bb avec un (1) code promotionnel sur la face int\u00e9rieure de chaque paquet<\/li><li>Knoppers ErdnussRiegel en lot de deux 2x5x40g \u00abSURF &amp; WIN\u00bb avec un (1) code promotionnel sur la face int\u00e9rieure de chaque paquet<\/li><li>Knoppers KokosRiegel en lot de deux 2x5x40g \u00abSURF &amp; WIN\u00bb avec un (1) code promotionnel sur la face int\u00e9rieure de chaque paquet<\/li><li>Knoppers Waffel 5x25g \u00abSURF &amp; WIN\u00bb avec un (1) code promotionnel sur la face int\u00e9rieure de l\u2019\u00e9tiquette autoadh\u00e9sive du multipack<\/li><li>Knoppers Waffel 8x25g \u00abSURF &amp; WIN\u00bb avec un (1) code promotionnel sur la face int\u00e9rieure de l\u2019\u00e9tiquette autoadh\u00e9sive du multipack<\/li><li>Knoppers Waffel en Big Spender 15x25g \u00abSURF &amp; WIN\u00bb avec deux (2) codes promotionnels sur la face int\u00e9rieure de la languette d\u2019ouverture<\/li><\/ul>\n<p>Chaque code promotionnel donne droit \u00e0 une participation unique \u00e0 l\u2019op\u00e9ration promotionnelle. Il est possible de participer plusieurs fois avec plusieurs codes promotionnels diff\u00e9rents.<\/p>\n\n<p><strong>6. Prix \u00e0 gagner<\/strong><\/p>\n\n<p><strong>Premier prix<\/strong><\/p>\n\n<p>Le premier prix est un bon de voyage d\u2019Hotelplan\u00a0d\u2019une valeur de \u00a0CHF\u00a05\u2019000.- (valable jusqu\u2019au 31.12.2024)<\/p>\n\n<p>Le jeu-concours s\u2019ach\u00e8ve le 30\u00a0septembre\u00a02022 \u00e0 23h59. Le gagnant ou la gagnante du premier prix sera tir\u00e9\/e au sort la semaine suivante parmi tous les participants et averti par e-mail.<\/p>\n\n<p><strong>Prix hebdomadaires<\/strong><\/p>\n\n<p><strong>31\u00a0prix hebdomadaires sont mis en jeu chaque semaine sur une p\u00e9riode de 10\u00a0semaines.<\/strong><\/p>\n\n<p>Les prix suivants sont mis en jeu chaque semaine:<\/p>\n\n<ul><li>1\u00a0bon de voyage d\u2019Hotelplan d\u2019une valeur de CHF\u00a0500.- (valable jusqu\u2019au 31.12.2024)<\/li><li>10\u00a0matelas pneumatiques Knoppers Kokos<\/li><li>10\u00a0 linges de bain Knoppers Erdnuss<\/li><li>10\u00a0DryBag Knoppers Haselnuss<\/li><\/ul>\n<p>Les prix hebdomadaires sont tir\u00e9s au sort parmi les participants enregistr\u00e9s pendant la semaine.<\/p>\n\n<p>Tirages au sort des prix hebdomadaires:<\/p>\n\n<ol type=\"1\"><li>29.05.2022 \u2013 23h59<\/li><li>05.06.2022 \u2013 23h59<\/li><li>12.06.2022 \u2013 23h59<\/li><li>19.06.2022 \u2013 23h59<\/li><li>26.06.2022 \u2013 23h59<\/li><li>03.07.2022 \u2013 23h59<\/li><li>10.07.2022 \u2013 23h59<\/li><li>17.07.2022 \u2013 23h59<\/li><li>24.07.2022 \u2013 23h59<\/li><li>31.07.2022 \u2013 23h59<\/li><\/ol>\n<p>Les gagnants et gagnantes sont avertis\/es par mail et doivent communiquer leur adresse postale.<\/p>\n\n<p>Le prix est envoy\u00e9 au gagnant ou \u00e0 la gagnante par courrier dans les 14\u00a0jours \u00e0 l\u2019adresse postale suisse qu\u2019il\/elle a indiqu\u00e9e. Les prix qui ne peuvent pas \u00eatre distribu\u00e9s par courrier \u00e0 l\u2019adresse indiqu\u00e9e sont perdus. Les prix ne peuvent \u00eatre ni \u00e9chang\u00e9s, ni convertis en esp\u00e8ces, ni c\u00e9d\u00e9s \u00e0 des tiers. Ils ne sont pas non plus remplac\u00e9s en cas de perte ou de vol.<\/p>\n\n<p><strong>7. Participation gratuite<\/strong><\/p>\n\n<p>La participation au jeu-concours n\u2019est li\u00e9e \u00e0 aucune obligation d\u2019achat. Tous les participants peuvent effectuer une partie-test pour tenter de gagner un code gratuit sur le site internet d\u00e9di\u00e9 \u00e0 l\u2019op\u00e9ration promotionnelle <a href=\"http:\/\/www.knoppers-game.ch\">knoppers-game.ch<\/a>. Si le nombre minimum de points requis est atteint, ils re\u00e7oivent automatiquement un code gratuit leur permettant de participer au jeu-concours.<\/p>\n\n<p><strong>8. Protection des donn\u00e9es<\/strong><\/p>\n\n<p>Les donn\u00e9es personnelles communiqu\u00e9es par les participants dans le cadre de leur participation au jeu-concours \u00abKnoppers SURF &amp; WIN\u00bb sont enregistr\u00e9es, utilis\u00e9es et exploit\u00e9es par Storck exclusivement aux fins de la mise en \u0153uvre et de la gestion du jeu-concours \u00abKnoppers SURF &amp; WIN\u00bb. Toute autre utilisation par Storck ou par des tiers est exclue.<\/p>\n\n<p>Dans le cadre de l\u2019op\u00e9ration promotionnelle, Storck travaille en collaboration avec un prestataire soigneusement s\u00e9lectionn\u00e9, STREUPLAN\u00a0AG, Sihlquai 75, 8005 Zurich, qui s\u2019est engag\u00e9 vis-\u00e0-vis de Storck \u00e0 respecter la l\u00e9gislation sur la protection des donn\u00e9es en vigueur. Les prix hebdomadaires sont exp\u00e9di\u00e9s par la Stiftung St.Jakob, Viaduktstrasse 20, 8005 Zurich.<\/p>\n\n<p>Les donn\u00e9es personnelles sont supprim\u00e9es d\u00e8s lors qu\u2019elles ne sont plus n\u00e9cessaires aux fins du traitement indiqu\u00e9es (ex\u00e9cution du jeu-concours \u00abKnoppers SURF &amp; WIN\u00bb) et pour autant qu\u2019aucune obligation l\u00e9gale de conservation pr\u00e9vue par la loi ne s\u2019y oppose.<\/p>\n\n<p>Stork et le prestataire mandat\u00e9 par ses soins d\u00e9clinent toute responsabilit\u00e9 en cas de perte de donn\u00e9es due notamment \u00e0 un probl\u00e8me de transmission ou \u00e0 d\u2019autres probl\u00e8mes techniques.<\/p>\n\n<p><strong>9. Autres dispositions<\/strong><\/p>\n\n<p>Storck se r\u00e9serve le droit de modifier \u00e0 tout moment, sans justification ni pr\u00e9avis, les pr\u00e9sentes conditions de participation et\/ou d\u2019interrompre temporairement, voire d\u2019arr\u00eater pr\u00e9matur\u00e9ment, le jeu-concours \u00abKnoppers SURF &amp; WIN\u00bb si sa bonne ex\u00e9cution ne peut plus \u00eatre garantie pour des raisons techniques, juridiques ou autres. Aucune pr\u00e9tention ne peut \u00eatre formul\u00e9e \u00e0 l\u2019encontre de l\u2019organisateur en pareil cas.<\/p>\n\n<p>Les participants n\u2019ont aucun droit l\u00e9gal quant \u00e0 la participation au jeu-concours \u00abKnoppers SURF &amp; WIN\u00bb ou \u00e0 son ex\u00e9cution.<\/p>\n\n<p>Si l\u2019une ou plusieurs dispositions devaient \u00eatre ou devenir caduques, la validit\u00e9 des autres conditions de participation n\u2019en serait en rien affect\u00e9e.<\/p>\n\n<p>Storck d\u00e9cline toute responsabilit\u00e9 et ne propose aucune prestation compensatoire en cas de probl\u00e8mes techniques, de panne et\/ou de fausse notification de gain. Storck d\u00e9cline \u00e9galement toute responsabilit\u00e9 en cas de dommages directs ou indirects qui pourraient survenir en lien avec le prix, son exp\u00e9dition ou le jeu-concours. Les \u00e9ventuels frais, imp\u00f4ts et autres taxes li\u00e9s au gain d\u2019un prix sont \u00e0 la charge du gagnant ou de la gagnante.<\/p>\n\n<p>L\u2019utilisation \u00e0 des fins commerciales des prix mis en jeu dans le cadre du jeu-concours \u00abKnoppers SURF &amp; WIN\u00bb (p. ex. vente \u00e0 des tiers) est interdite. Les prix ne peuvent \u00eatre ni \u00e9chang\u00e9s ni convertis en esp\u00e8ces ni c\u00e9d\u00e9s \u00e0 des tiers. Le jeu-concours \u00abKnoppers SURF &amp; WIN\u00bb ne fera l\u2019objet d\u2019aucune correspondance.<\/p>\n\n<p>Le jeu-concours \u00abKnoppers SURF &amp; WIN\u00bb est soumis au seul droit suisse.<\/p>\n\n<p>Tout recours juridique est exclu.<\/p>\n\n<p>Vous trouverez de plus amples informations sur la protection des donn\u00e9es dans notre <a href=\"https:\/\/www.storck.ch\/fr\/protection-des-donnees\" target=\"_blank\" rel=\"noreferrer noopener\">D\u00e9claration de protection des donn\u00e9es<\/a>sur notre site internet.<\/p>\n\n<hr class=\"wp-block-separator\"\/>\n\n<p><a id=\"_msocom_1\"><\/a><\/p>\n\n<p><a id=\"_msocom_2\"><\/a><\/p>\n\n<p><a id=\"_msocom_3\"><\/a>\u00a0<\/p>\n","protected":false},"excerpt":{"rendered":"<p>Conditions de participation au jeu-concours \u00abKnoppers SURF &amp; WIN\u00bb\u00a02022 En prenant part au jeu-concours \u00abKnoppers SURF &amp; WIN\u00bb\u00a02022, les participants d\u00e9clarent accepter les pr\u00e9sentes conditions de participation. 1. Conditions g\u00e9n\u00e9rales STORCK (SCHWEIZ) GMBH, Josefstrasse 84, 8005 Zurich (ci-apr\u00e8s \u00abStorck\u00bb) organise le jeu-concours \u00abKnoppers SURF &amp; WIN\u00bb en Suisse du 18.04.2022 au 30.09.2022. Cette op\u00e9ration promotionnelle [&hellip;]<\/p>\n","protected":false},"author":1,"featured_media":0,"parent":0,"menu_order":0,"comment_status":"closed","ping_status":"closed","template":"","meta":{"footnotes":""},"acf":[],"yoast_head":"<!-- This site is optimized with the Yoast SEO plugin v21.5 - https:\/\/yoast.com\/wordpress\/plugins\/seo\/ -->\n<title>Conditions de participation - Knoppers Surf &amp; Win<\/title>\n<meta name=\"robots\" content=\"noindex, follow, max-snippet:-1, max-image-preview:large, max-video-preview:-1\" \/>\n<meta property=\"og:locale\" content=\"fr_FR\" \/>\n<meta property=\"og:type\" content=\"article\" \/>\n<meta property=\"og:title\" content=\"Conditions de participation - Knoppers Surf &amp; Win\" \/>\n<meta property=\"og:description\" content=\"Conditions de participation au jeu-concours \u00abKnoppers SURF &amp; WIN\u00bb\u00a02022 En prenant part au jeu-concours \u00abKnoppers SURF &amp; WIN\u00bb\u00a02022, les participants d\u00e9clarent accepter les pr\u00e9sentes conditions de participation. 1. Conditions g\u00e9n\u00e9rales STORCK (SCHWEIZ) GMBH, Josefstrasse 84, 8005 Zurich (ci-apr\u00e8s \u00abStorck\u00bb) organise le jeu-concours \u00abKnoppers SURF &amp; WIN\u00bb en Suisse du 18.04.2022 au 30.09.2022. Cette op\u00e9ration promotionnelle [&hellip;]\" \/>\n<meta property=\"og:url\" content=\"https:\/\/surfing.brandneu.ch\/fr\/conditions-de-participation\/\" \/>\n<meta property=\"og:site_name\" content=\"Knoppers Surf &amp; Win\" \/>\n<meta property=\"article:modified_time\" content=\"2022-03-22T14:14:16+00:00\" \/>\n<meta property=\"og:image\" content=\"https:\/\/surfing.brandneu.ch\/wp-content\/uploads\/2022\/02\/0002_0547_1200x630e-scaled.jpg\" \/>\n\t<meta property=\"og:image:width\" content=\"2560\" \/>\n\t<meta property=\"og:image:height\" content=\"1345\" \/>\n\t<meta property=\"og:image:type\" content=\"image\/jpeg\" \/>\n<meta name=\"twitter:card\" content=\"summary_large_image\" \/>\n<meta name=\"twitter:label1\" content=\"Dur\u00e9e de lecture estim\u00e9e\" \/>\n\t<meta name=\"twitter:data1\" content=\"9 minutes\" \/>\n<script type=\"application\/ld+json\" class=\"yoast-schema-graph\">{\"@context\":\"https:\/\/schema.org\",\"@graph\":[{\"@type\":\"WebPage\",\"@id\":\"https:\/\/surfing.brandneu.ch\/fr\/conditions-de-participation\/\",\"url\":\"https:\/\/surfing.brandneu.ch\/fr\/conditions-de-participation\/\",\"name\":\"Conditions de participation - Knoppers Surf &amp; Win\",\"isPartOf\":{\"@id\":\"https:\/\/surfing.brandneu.ch\/fr\/#website\"},\"datePublished\":\"2022-02-18T09:53:39+00:00\",\"dateModified\":\"2022-03-22T14:14:16+00:00\",\"breadcrumb\":{\"@id\":\"https:\/\/surfing.brandneu.ch\/fr\/conditions-de-participation\/#breadcrumb\"},\"inLanguage\":\"fr-FR\",\"potentialAction\":[{\"@type\":\"ReadAction\",\"target\":[\"https:\/\/surfing.brandneu.ch\/fr\/conditions-de-participation\/\"]}]},{\"@type\":\"BreadcrumbList\",\"@id\":\"https:\/\/surfing.brandneu.ch\/fr\/conditions-de-participation\/#breadcrumb\",\"itemListElement\":[{\"@type\":\"ListItem\",\"position\":1,\"name\":\"Startseite\",\"item\":\"https:\/\/surfing.brandneu.ch\/fr\/\"},{\"@type\":\"ListItem\",\"position\":2,\"name\":\"Conditions de participation\"}]},{\"@type\":\"WebSite\",\"@id\":\"https:\/\/surfing.brandneu.ch\/fr\/#website\",\"url\":\"https:\/\/surfing.brandneu.ch\/fr\/\",\"name\":\"Knoppers Surf &amp; Win\",\"description\":\"\",\"potentialAction\":[{\"@type\":\"SearchAction\",\"target\":{\"@type\":\"EntryPoint\",\"urlTemplate\":\"https:\/\/surfing.brandneu.ch\/fr\/?s={search_term_string}\"},\"query-input\":\"required name=search_term_string\"}],\"inLanguage\":\"fr-FR\"}]}<\/script>\n<!-- \/ Yoast SEO plugin. -->","yoast_head_json":{"title":"Conditions de participation - Knoppers Surf &amp; Win","robots":{"index":"noindex","follow":"follow","max-snippet":"max-snippet:-1","max-image-preview":"max-image-preview:large","max-video-preview":"max-video-preview:-1"},"og_locale":"fr_FR","og_type":"article","og_title":"Conditions de participation - Knoppers Surf &amp; Win","og_description":"Conditions de participation au jeu-concours \u00abKnoppers SURF &amp; WIN\u00bb\u00a02022 En prenant part au jeu-concours \u00abKnoppers SURF &amp; WIN\u00bb\u00a02022, les participants d\u00e9clarent accepter les pr\u00e9sentes conditions de participation. 1. Conditions g\u00e9n\u00e9rales STORCK (SCHWEIZ) GMBH, Josefstrasse 84, 8005 Zurich (ci-apr\u00e8s \u00abStorck\u00bb) organise le jeu-concours \u00abKnoppers SURF &amp; WIN\u00bb en Suisse du 18.04.2022 au 30.09.2022. Cette op\u00e9ration promotionnelle [&hellip;]","og_url":"https:\/\/surfing.brandneu.ch\/fr\/conditions-de-participation\/","og_site_name":"Knoppers Surf &amp; Win","article_modified_time":"2022-03-22T14:14:16+00:00","og_image":[{"width":2560,"height":1345,"url":"https:\/\/surfing.brandneu.ch\/wp-content\/uploads\/2022\/02\/0002_0547_1200x630e-scaled.jpg","type":"image\/jpeg"}],"twitter_card":"summary_large_image","twitter_misc":{"Dur\u00e9e de lecture estim\u00e9e":"9 minutes"},"schema":{"@context":"https:\/\/schema.org","@graph":[{"@type":"WebPage","@id":"https:\/\/surfing.brandneu.ch\/fr\/conditions-de-participation\/","url":"https:\/\/surfing.brandneu.ch\/fr\/conditions-de-participation\/","name":"Conditions de participation - Knoppers Surf &amp; Win","isPartOf":{"@id":"https:\/\/surfing.brandneu.ch\/fr\/#website"},"datePublished":"2022-02-18T09:53:39+00:00","dateModified":"2022-03-22T14:14:16+00:00","breadcrumb":{"@id":"https:\/\/surfing.brandneu.ch\/fr\/conditions-de-participation\/#breadcrumb"},"inLanguage":"fr-FR","potentialAction":[{"@type":"ReadAction","target":["https:\/\/surfing.brandneu.ch\/fr\/conditions-de-participation\/"]}]},{"@type":"BreadcrumbList","@id":"https:\/\/surfing.brandneu.ch\/fr\/conditions-de-participation\/#breadcrumb","itemListElement":[{"@type":"ListItem","position":1,"name":"Startseite","item":"https:\/\/surfing.brandneu.ch\/fr\/"},{"@type":"ListItem","position":2,"name":"Conditions de participation"}]},{"@type":"WebSite","@id":"https:\/\/surfing.brandneu.ch\/fr\/#website","url":"https:\/\/surfing.brandneu.ch\/fr\/","name":"Knoppers Surf &amp; Win","description":"","potentialAction":[{"@type":"SearchAction","target":{"@type":"EntryPoint","urlTemplate":"https:\/\/surfing.brandneu.ch\/fr\/?s={search_term_string}"},"query-input":"required name=search_term_string"}],"inLanguage":"fr-FR"}]}},"_links":{"self":[{"href":"https:\/\/surfing.brandneu.ch\/fr\/wp-json\/wp\/v2\/pages\/338"}],"collection":[{"href":"https:\/\/surfing.brandneu.ch\/fr\/wp-json\/wp\/v2\/pages"}],"about":[{"href":"https:\/\/surfing.brandneu.ch\/fr\/wp-json\/wp\/v2\/types\/page"}],"author":[{"embeddable":true,"href":"https:\/\/surfing.brandneu.ch\/fr\/wp-json\/wp\/v2\/users\/1"}],"replies":[{"embeddable":true,"href":"https:\/\/surfing.brandneu.ch\/fr\/wp-json\/wp\/v2\/comments?post=338"}],"version-history":[{"count":1,"href":"https:\/\/surfing.brandneu.ch\/fr\/wp-json\/wp\/v2\/pages\/338\/revisions"}],"predecessor-version":[{"id":339,"href":"https:\/\/surfing.brandneu.ch\/fr\/wp-json\/wp\/v2\/pages\/338\/revisions\/339"}],"wp:attachment":[{"href":"https:\/\/surfing.brandneu.ch\/fr\/wp-json\/wp\/v2\/media?parent=338"}],"curies":[{"name":"wp","href":"https:\/\/api.w.org\/{rel}","templated":true}]}}